{"id":4,"date":"2016-02-23T18:54:30","date_gmt":"2016-02-23T17:54:30","guid":{"rendered":"http:\/\/dietrichit.de\/adrianowerner\/staging\/?page_id=4"},"modified":"2021-06-26T01:01:48","modified_gmt":"2021-06-25T23:01:48","slug":"adriano","status":"publish","type":"page","link":"https:\/\/adrianowerner.de\/index.php\/adriano\/","title":{"rendered":"\u00dcber Adriano"},"content":{"rendered":"<p><strong>GALERIE UND REFERENZEN<\/strong><\/p>\n<table cellspacing=\"15\">\n<tbody>\n<tr>\n<td style=\"vertical-align: top;\">\n<figure id=\"attachment_530\" aria-describedby=\"caption-attachment-530\" style=\"width: 206px\" class=\"wp-caption aligncenter\"><img loading=\"lazy\" decoding=\"async\" class=\"wp-image-530\" src=\"https:\/\/adrianowerner.de\/wp-content\/uploads\/Adriano-Werner-300x200.jpg\" alt=\"\" width=\"206\" height=\"137\" srcset=\"https:\/\/adrianowerner.de\/wp-content\/uploads\/Adriano-Werner-300x200.jpg 300w, https:\/\/adrianowerner.de\/wp-content\/uploads\/Adriano-Werner-1024x683.jpg 1024w\" sizes=\"(max-width: 206px) 100vw, 206px\" \/><figcaption id=\"caption-attachment-530\" class=\"wp-caption-text\">&#8222;Deine Rede war wundersch\u00f6n. Pers\u00f6nlich und herzlich.&#8220;<\/figcaption><\/figure>\n<p style=\"text-align: center;\"><sup><strong>Wiesbaden, 2021<\/strong><\/sup><\/p>\n<\/td>\n<td style=\"vertical-align: top;\">\n<figure id=\"attachment_575\" aria-describedby=\"caption-attachment-575\" style=\"width: 206px\" class=\"wp-caption aligncenter\"><img loading=\"lazy\" decoding=\"async\" class=\"wp-image-575\" src=\"https:\/\/adrianowerner.de\/wp-content\/uploads\/Kopie-Adriano-Auftritt.jpg\" alt=\"\" width=\"206\" height=\"137\" \/><figcaption id=\"caption-attachment-575\" class=\"wp-caption-text\">&#8222;Eine unglaublich sympathische und aufrichtige Moderation. Und die kleinen Musikbeitr\u00e4ge haben das Ganze abgerundet.&#8220;<\/figcaption><\/figure>\n<p style=\"text-align: center;\"><strong><sup>2020<\/sup><\/strong><\/p>\n<\/td>\n<\/tr>\n<tr>\n<td style=\"vertical-align: top;\">\n<figure id=\"attachment_526\" aria-describedby=\"caption-attachment-526\" style=\"width: 206px\" class=\"wp-caption aligncenter\"><img loading=\"lazy\" decoding=\"async\" class=\"wp-image-526\" src=\"https:\/\/adrianowerner.de\/wp-content\/uploads\/JuliaNico_0991-web-300x200.jpg\" alt=\"\" width=\"206\" height=\"137\" srcset=\"https:\/\/adrianowerner.de\/wp-content\/uploads\/JuliaNico_0991-web-300x200.jpg 300w, https:\/\/adrianowerner.de\/wp-content\/uploads\/JuliaNico_0991-web-1024x683.jpg 1024w\" sizes=\"(max-width: 206px) 100vw, 206px\" \/><figcaption id=\"caption-attachment-526\" class=\"wp-caption-text\">&#8222;In jedem Moment vollkommen pr\u00e4sent und souver\u00e4n, l\u00e4ssig und nat\u00fcrlich.&#8220;<\/figcaption><\/figure>\n<p style=\"text-align: center;\"><sup><strong>2019<\/strong><\/sup><\/p>\n<\/td>\n<td style=\"vertical-align: top;\">\n<figure id=\"attachment_496\" aria-describedby=\"caption-attachment-496\" style=\"width: 206px\" class=\"wp-caption aligncenter\"><img loading=\"lazy\" decoding=\"async\" class=\"wp-image-496\" src=\"https:\/\/adrianowerner.de\/wp-content\/uploads\/Marek-Michael-und-Adriano-300x200.jpg\" alt=\"\" width=\"206\" height=\"137\" srcset=\"https:\/\/adrianowerner.de\/wp-content\/uploads\/Marek-Michael-und-Adriano-300x200.jpg 300w, https:\/\/adrianowerner.de\/wp-content\/uploads\/Marek-Michael-und-Adriano-1024x683.jpg 1024w, https:\/\/adrianowerner.de\/wp-content\/uploads\/Marek-Michael-und-Adriano.jpg 1800w\" sizes=\"(max-width: 206px) 100vw, 206px\" \/><figcaption id=\"caption-attachment-496\" class=\"wp-caption-text\">&#8222;Die Musikpoeten haben unser Event bereichert. Lustig, locker und stilecht, gerne wieder.&#8220;<\/figcaption><\/figure>\n<p style=\"text-align: center;\"><sup><strong>2018<\/strong><\/sup><\/p>\n<\/td>\n<\/tr>\n<tr>\n<td style=\"vertical-align: top;\">\n<figure id=\"attachment_572\" aria-describedby=\"caption-attachment-572\" style=\"width: 206px\" class=\"wp-caption aligncenter\"><img loading=\"lazy\" decoding=\"async\" class=\"wp-image-572\" src=\"https:\/\/adrianowerner.de\/wp-content\/uploads\/Hochzeitsredner.jpg\" alt=\"\" width=\"206\" height=\"206\" \/><figcaption id=\"caption-attachment-572\" class=\"wp-caption-text\">&#8222;Lieber Adriano, deine Hochzeitsrede hat nicht nur uns beide total ber\u00fchrt, sondern auch alle unsere G\u00e4ste abgeholt und in Stimmung gebracht.&#8220;<\/figcaption><\/figure>\n<p style=\"text-align: center;\"><strong><sup>Waldems, 2019<\/sup><\/strong><\/p>\n<\/td>\n<td style=\"vertical-align: top;\"><\/td>\n<\/tr>\n<\/tbody>\n<\/table>\n<p>Was Menschen \u00fcber meine Arbeit berichten lesen Sie <a href=\"https:\/\/www.google.com\/search?q=adriano+werner&amp;sxsrf=ALeKk01K_hO7RCBbeGX8CDcqpC-TRZ4BBg%3A1620732069723&amp;source=hp&amp;ei=pWiaYIToKcnhgwel3prYBA&amp;iflsig=AINFCbYAAAAAYJp2tfE_eIViL70PwSH-JL04N7o2BM1E&amp;oq=adriano&amp;gs_lcp=Cgdnd3Mtd2l6EAMYADIECCMQJzIECCMQJzIECCMQJzIFCC4QsQMyAggAMgUILhCxAzICCC4yAggAMgIIADICCAA6CAgAELEDEIMBOg4IABCxAxCDARDHARCjAjoFCAAQsQM6CwgAELEDEMcBEKMCOggILhCxAxCDAToICAAQxwEQrwFQ4QNYrAlgxQ5oAHAAeACAAe0BiAGnCJIBBTAuNi4xmAEAoAEBqgEHZ3dzLXdpeg&amp;sclient=gws-wiz#lrd=0x47bdbf26689aba3b:0xa003a443ab23978c,1,,,\">hier<\/a><\/p>\n<p><strong>2020\u00a0<\/strong><\/p>\n<ul>\n<li>Start der T\u00e4tigkeit als Trauerredner<\/li>\n<li>Theaterprojekt &#8222;Gl\u00fccksleiter&#8220;<\/li>\n<li>Onlineweinprobe mit Improtheater<\/li>\n<li>&#8222;Interaktionen in Zeiten der Krise&#8220; &#8211; Musikperformance<\/li>\n<li>Start der Baumma\u00dfnahmen f\u00fcr eine eigene Kulturb\u00fchne<\/li>\n<li>Digitalkonzepte f\u00fcr Showbusiness und Privatkunden<\/li>\n<li>Storytelling in F\u00fchrungspositionen: Impulsvortrag<\/li>\n<li>Kulturarbeit und Leadership: Fachvortrag<\/li>\n<\/ul>\n<p><strong>2019\u00a0<\/strong><\/p>\n<ul>\n<li>70 Live-Veranstaltungen auf Deutschlands B\u00fchnen<\/li>\n<li>Freie Reden und Modeartionsevents<\/li>\n<li>Festivalorganisation \/\/ Wiesbaden improvisiert<\/li>\n<li>Theaterprojekt \/\/ Vitos Oberursel<\/li>\n<li>Ensemblemitglied \/\/ Die Musikpoeten<\/li>\n<li>Ensemblemitglied \/\/ Improtheater Der Fuchs<\/li>\n<li>Kulturprojekt \/\/ Idstein Variet\u00e9<\/li>\n<li>Masterthesis und Forschungsarbeit \/\/ Potentiale des Improvisationstheaters<\/li>\n<\/ul>\n<p><strong>2018<\/strong><\/p>\n<ul>\n<li>\u00dcber 70 Live &#8211; Performances auf Deutschlands B\u00fchnen<\/li>\n<li>Gr\u00fcnder \/\/ Die Traupartner GbR Freie Trauungen Wiesbaden<\/li>\n<li>Theaterprojekt Klinikk\u00fcnste \/\/ Vitos Klinik Rheinh\u00f6he<\/li>\n<li>Lehrauftrag Frankfurt University of Apllied Sciences \/\/ Improvisation<\/li>\n<li>Master of Performance \/\/ Performative K\u00fcnste<\/li>\n<li>Ausbildung \/\/ Freier Redner mit Zertifikat der IHK K\u00f6ln<\/li>\n<li>Soloprogramm &#8222;Das klingt nach einem Lied&#8220; \/\/ Kabarett<\/li>\n<\/ul>\n<p><strong>2017<\/strong><\/p>\n<ul>\n<li>\u00dcber 80 Live-Performances auf Deutschlands B\u00fchnen<\/li>\n<li>Fortbildung \/\/ West Coast Swing<\/li>\n<li>Fortbildung \/\/ Stroytelling<\/li>\n<li>Fortbildung \/\/ Intermedialit\u00e4t<\/li>\n<li>Comedyprogramm &#8222;3 Mal Solo&#8220; \/\/ Comedy Chanson Chaos<\/li>\n<li>Abschluss \/\/ Grundausbildung Mediation \/\/ Bildungszentrum nr30 Darmstadt<\/li>\n<li>K\u00fcnstlerischer Leiter \/\/ F\u00fcr Garderobe keine Haftung<\/li>\n<li>Studium \/\/ Master Performative K\u00fcnste<\/li>\n<li>Theaterprojekt \/\/ Vitos Klinik Rheinh\u00f6he<\/li>\n<\/ul>\n<p><strong>2016<\/strong><\/p>\n<ul>\n<li>\u00dcber 70 Live-Performances auf Deutschlands B\u00fchnen<\/li>\n<li>Abschluss \/\/ Schriftstellerdiplom \/\/ Cornelia Goethe Akademie Frankfurt a.M.<\/li>\n<li>Fortbildung \/\/ Poesie und Lyrik<\/li>\n<li>Erstlingswerk \/\/ 10 Mal Liebe \/\/ Kurzgeschichten und Gedichte<\/li>\n<li>Weiterbildung \/\/ Mediator \/\/ Bildungszentrum Darmstadt<\/li>\n<li>Fortbildung \/\/ Musikalische Performance in der Improvisation<\/li>\n<li>Lehrauftrag Theater Frankfurt University of applied siences<\/li>\n<li>Frauenlogik f\u00fcr Anf\u00e4nger \/\/ Kabarett mit Olga Zaitseva<\/li>\n<li>Fortbildung \/\/ Improvisation<\/li>\n<li>Leitung FGKH Impro Akademie<\/li>\n<li>Theaterlehrer Albrecht-D\u00fcrer-Schule Wiesbaden<\/li>\n<\/ul>\n<p><strong>2015<\/strong><\/p>\n<ul>\n<li>Lehrauftrag Theater Frankfurt University of applied siences<\/li>\n<li>Studium \/\/ Literarisches Schreiben Cornelia-Goethe Akademie Frankfurt a.M.<\/li>\n<li>Fortbildung \/\/ Philosophie<\/li>\n<li>Theaterbereichsleitung Andreasgemeinde Niederh\u00f6chstadt<\/li>\n<li>Eigenproduktion \/\/ Hans hat, was Hector sucht, aber ganz andere brauchen \/\/ Fl\u00fcchtlingsdrama<\/li>\n<li>Theaterprojekt \/\/ Joblinge<\/li>\n<li>Ver\u00f6ffentlichung \/\/ Die ganz Welt ist B\u00fchne \/\/ Theater als Konzept gegen Jugendarbeitslosigkeit<\/li>\n<\/ul>\n<p><strong>2014<\/strong><\/p>\n<ul>\n<li>Lehrauftrag Theater Fachhochschule Frankfurt<\/li>\n<li>Studium Soziale Arbeit \/\/ Schwerpunkt Kultur und Medien<\/li>\n<li>Thesis \/\/ K\u00fcnstlerisches Arbeiten mit demenzkranken Menschen<\/li>\n<li>Studium \/\/ Theaterp\u00e4dagogische Konzepte, Medienp\u00e4dagogik, \u00e4sthetische Bildung, Gesang, Inklusion, Moderation, Gespr\u00e4chsf\u00fchrung<\/li>\n<li>Fortbildung \/\/ Improvisationstheater<\/li>\n<li>Theaterprojekt \/\/ Herbstzeit mit demenzkranken Menschen \/\/ Koop: Timo Becker<\/li>\n<li>Eigenproduktion \/\/Luise \u2013 will nach Hause \/\/ Koop: Timo Becker<\/li>\n<li>Fortbildung \/\/Leiterschaftscamp<\/li>\n<li>K\u00fcnstlerische Beratung der Fachhochschule Frankfurt<\/li>\n<\/ul>\n<p><strong>2013<\/strong><\/p>\n<ul>\n<li>Fortbildung \/\/ Musiktherapie<\/li>\n<li>Fortbildung \/\/ Improvisationstheater<\/li>\n<li>Theaterprojekt \u201eAlice im Wunderland\u201c mit Menschen mit Behinderung \/\/ Koop. Timo Becker<\/li>\n<li>Theaterprojekt \/\/ Theresien Kinder- und Jugendwohnheim Offenbach<\/li>\n<li>Fortbildung \/\/ Maskentheater<\/li>\n<li>Inszenierung Don Karlos \/\/ Gallustheater<\/li>\n<li>Theaterp\u00e4dagogische Workshops \/\/ Schultheaterstudio<\/li>\n<li>Ensemblemitglied bei F\u00fcr Garderobe keine Haftung \/\/ Improvisationstheater<\/li>\n<\/ul>\n<p><strong>2012<\/strong><\/p>\n<ul>\n<li>Inszenierung Romeo und Julia \/\/ Assistenz Gef\u00e4ngnistheaterprojekt<\/li>\n<li>Verr\u00fccktes Blut \/\/ Assistenz<\/li>\n<\/ul>\n","protected":false},"excerpt":{"rendered":"<p>GALERIE UND REFERENZEN Wiesbaden, 2021 2020 2019 2018 Waldems, 2019 Was Menschen \u00fcber meine Arbeit berichten lesen Sie hier 2020\u00a0 Start der T\u00e4tigkeit als Trauerredner Theaterprojekt &#8222;Gl\u00fccksleiter&#8220; Onlineweinprobe mit Improtheater &#8222;Interaktionen in Zeiten der Krise&#8220; &#8211; Musikperformance Start der Baumma\u00dfnahmen f\u00fcr eine eigene Kulturb\u00fchne Digitalkonzepte f\u00fcr Showbusiness und Privatkunden Storytelling in F\u00fchrungspositionen: Impulsvortrag Kulturarbeit und [&hellip;]<\/p>\n","protected":false},"author":1,"featured_media":0,"parent":0,"menu_order":3,"comment_status":"closed","ping_status":"closed","template":"","meta":{"footnotes":""},"_links":{"self":[{"href":"https:\/\/adrianowerner.de\/index.php\/wp-json\/wp\/v2\/pages\/4"}],"collection":[{"href":"https:\/\/adrianowerner.de\/index.php\/wp-json\/wp\/v2\/pages"}],"about":[{"href":"https:\/\/adrianowerner.de\/index.php\/wp-json\/wp\/v2\/types\/page"}],"author":[{"embeddable":true,"href":"https:\/\/adrianowerner.de\/index.php\/wp-json\/wp\/v2\/users\/1"}],"replies":[{"embeddable":true,"href":"https:\/\/adrianowerner.de\/index.php\/wp-json\/wp\/v2\/comments?post=4"}],"version-history":[{"count":66,"href":"https:\/\/adrianowerner.de\/index.php\/wp-json\/wp\/v2\/pages\/4\/revisions"}],"predecessor-version":[{"id":654,"href":"https:\/\/adrianowerner.de\/index.php\/wp-json\/wp\/v2\/pages\/4\/revisions\/654"}],"wp:attachment":[{"href":"https:\/\/adrianowerner.de\/index.php\/wp-json\/wp\/v2\/media?parent=4"}],"curies":[{"name":"wp","href":"https:\/\/api.w.org\/{rel}","templated":true}]}}