{"id":399,"date":"2017-04-06T14:40:26","date_gmt":"2017-04-06T12:40:26","guid":{"rendered":"http:\/\/www.adrianowerner.de\/?page_id=399"},"modified":"2021-12-31T09:35:48","modified_gmt":"2021-12-31T08:35:48","slug":"herzlich-willkommen","status":"publish","type":"page","link":"https:\/\/adrianowerner.de\/index.php\/herzlich-willkommen\/","title":{"rendered":"Das bin ich:"},"content":{"rendered":"<p><strong>B\u00fchnenkunst und interaktive Unterhaltungsformate<\/strong>, die Menschen mitrei\u00dfen.<\/p>\n<p><strong>Reden und Moderationen<\/strong>, die Menschen ber\u00fchren.<\/p>\n<p><strong>Workshops und Trainings<\/strong>, die Menschen wachsen lassen.<\/p>\n<p>Meine st\u00e4ndigen Begleiter dabei: <strong>Fantasie und Empathie.<\/strong><\/p>\n<p>Kontaktieren Sie mich, wenn ich auch Ihre Geschichte ein St\u00fcck weit miterz\u00e4hlen darf,<\/p>\n<p>Adriano Werner<\/p>\n","protected":false},"excerpt":{"rendered":"<p>B\u00fchnenkunst und interaktive Unterhaltungsformate, die Menschen mitrei\u00dfen. Reden und Moderationen, die Menschen ber\u00fchren. Workshops und Trainings, die Menschen wachsen lassen. Meine st\u00e4ndigen Begleiter dabei: Fantasie und Empathie. Kontaktieren Sie mich, wenn ich auch Ihre Geschichte ein St\u00fcck weit miterz\u00e4hlen darf, Adriano Werner<\/p>\n","protected":false},"author":1,"featured_media":0,"parent":0,"menu_order":1,"comment_status":"closed","ping_status":"closed","template":"","meta":{"footnotes":""},"_links":{"self":[{"href":"https:\/\/adrianowerner.de\/index.php\/wp-json\/wp\/v2\/pages\/399"}],"collection":[{"href":"https:\/\/adrianowerner.de\/index.php\/wp-json\/wp\/v2\/pages"}],"about":[{"href":"https:\/\/adrianowerner.de\/index.php\/wp-json\/wp\/v2\/types\/page"}],"author":[{"embeddable":true,"href":"https:\/\/adrianowerner.de\/index.php\/wp-json\/wp\/v2\/users\/1"}],"replies":[{"embeddable":true,"href":"https:\/\/adrianowerner.de\/index.php\/wp-json\/wp\/v2\/comments?post=399"}],"version-history":[{"count":13,"href":"https:\/\/adrianowerner.de\/index.php\/wp-json\/wp\/v2\/pages\/399\/revisions"}],"predecessor-version":[{"id":672,"href":"https:\/\/adrianowerner.de\/index.php\/wp-json\/wp\/v2\/pages\/399\/revisions\/672"}],"wp:attachment":[{"href":"https:\/\/adrianowerner.de\/index.php\/wp-json\/wp\/v2\/media?parent=399"}],"curies":[{"name":"wp","href":"https:\/\/api.w.org\/{rel}","templated":true}]}}