{"id":264,"date":"2016-07-18T10:39:31","date_gmt":"2016-07-18T08:39:31","guid":{"rendered":"http:\/\/dietrichit.de\/adrianowerner\/staging\/?page_id=264"},"modified":"2025-02-11T11:29:17","modified_gmt":"2025-02-11T10:29:17","slug":"traupartner","status":"publish","type":"page","link":"https:\/\/adrianowerner.de\/index.php\/traupartner\/","title":{"rendered":"Traupartner"},"content":{"rendered":"<p><a href=\"http:\/\/traupartner.de\"><img loading=\"lazy\" decoding=\"async\" class=\"size-medium wp-image-472 alignleft\" src=\"https:\/\/adrianowerner.de\/wp-content\/uploads\/Traupartner-214x300.jpg\" alt=\"\" width=\"214\" height=\"300\" srcset=\"https:\/\/adrianowerner.de\/wp-content\/uploads\/Traupartner-214x300.jpg 214w, https:\/\/adrianowerner.de\/wp-content\/uploads\/Traupartner-732x1024.jpg 732w\" sizes=\"(max-width: 214px) 100vw, 214px\" \/><\/a>Gemeinsam mit meiner Kollegin Ronja Bibo habe ich das Hochzeitsunternehmen &#8222;Die Traupartner&#8220; gegr\u00fcndet.<\/p>\n<p>Wir bieten individuelle, freie Trauungen und unterhaltsames Abendprogramm f\u00fcr Hochzeiten an:<\/p>\n<ul>\n<li style=\"list-style-type: none;\">\n<ul>\n<li>Trauzeremonie und Traurede<\/li>\n<li>Livemusik und pers\u00f6nliche Rituale<\/li>\n<li>Konzerte und Unterhaltungsshows<\/li>\n<\/ul>\n<\/li>\n<\/ul>\n<p><strong>Mehr Infos unter www.traupartner.de<\/strong><\/p>\n<p>In unserem Dienstleister-Netzwerk <strong>&#8222;<a href=\"https:\/\/ohmylove-heiraten-rheinmain.de\/\">Oh my Love<\/a>&#8222;<\/strong> findet ihr die besten Anbieter aus dem Rhein-Main Gebiet.<\/p>\n<p>Wir kooperieren mit tollen Locations f\u00fcr eure Feier.<\/p>\n<p>Das <strong><a href=\"https:\/\/eventlocation-weingut-hahn.de\/hochzeitslocation-mainz\/\">Weingut Hahn<\/a><\/strong> und die Eventlocation <a href=\"https:\/\/www.gereon-event.de\/\"><strong>Sankt Gereon<\/strong> <\/a>sind wunderbare Orte f\u00fcr eure Freie Trauung.<\/p>\n","protected":false},"excerpt":{"rendered":"<p>Gemeinsam mit meiner Kollegin Ronja Bibo habe ich das Hochzeitsunternehmen &#8222;Die Traupartner&#8220; gegr\u00fcndet. Wir bieten individuelle, freie Trauungen und unterhaltsames Abendprogramm f\u00fcr Hochzeiten an: Trauzeremonie und Traurede Livemusik und pers\u00f6nliche Rituale Konzerte und Unterhaltungsshows Mehr Infos unter www.traupartner.de In unserem Dienstleister-Netzwerk &#8222;Oh my Love&#8222; findet ihr die besten Anbieter aus dem Rhein-Main Gebiet. Wir kooperieren [&hellip;]<\/p>\n","protected":false},"author":1,"featured_media":302,"parent":0,"menu_order":4,"comment_status":"closed","ping_status":"closed","template":"","meta":{"footnotes":""},"_links":{"self":[{"href":"https:\/\/adrianowerner.de\/index.php\/wp-json\/wp\/v2\/pages\/264"}],"collection":[{"href":"https:\/\/adrianowerner.de\/index.php\/wp-json\/wp\/v2\/pages"}],"about":[{"href":"https:\/\/adrianowerner.de\/index.php\/wp-json\/wp\/v2\/types\/page"}],"author":[{"embeddable":true,"href":"https:\/\/adrianowerner.de\/index.php\/wp-json\/wp\/v2\/users\/1"}],"replies":[{"embeddable":true,"href":"https:\/\/adrianowerner.de\/index.php\/wp-json\/wp\/v2\/comments?post=264"}],"version-history":[{"count":10,"href":"https:\/\/adrianowerner.de\/index.php\/wp-json\/wp\/v2\/pages\/264\/revisions"}],"predecessor-version":[{"id":710,"href":"https:\/\/adrianowerner.de\/index.php\/wp-json\/wp\/v2\/pages\/264\/revisions\/710"}],"wp:featuredmedia":[{"embeddable":true,"href":"https:\/\/adrianowerner.de\/index.php\/wp-json\/wp\/v2\/media\/302"}],"wp:attachment":[{"href":"https:\/\/adrianowerner.de\/index.php\/wp-json\/wp\/v2\/media?parent=264"}],"curies":[{"name":"wp","href":"https:\/\/api.w.org\/{rel}","templated":true}]}}