{"id":12,"date":"2016-02-23T18:56:57","date_gmt":"2016-02-23T17:56:57","guid":{"rendered":"http:\/\/dietrichit.de\/adrianowerner\/staging\/?page_id=12"},"modified":"2023-10-13T09:42:12","modified_gmt":"2023-10-13T07:42:12","slug":"workshops-projekte","status":"publish","type":"page","link":"https:\/\/adrianowerner.de\/index.php\/workshops-projekte\/","title":{"rendered":"Freier Redner"},"content":{"rendered":"<p><strong>Reden und Moderationen, die Menschen ber\u00fchren.<\/strong><\/p>\n<p>&nbsp;<\/p>\n<p><img loading=\"lazy\" decoding=\"async\" class=\"alignleft wp-image-573\" src=\"https:\/\/adrianowerner.de\/wp-content\/uploads\/Rednerfoto-Adriano-Werner.png\" alt=\"\" width=\"202\" height=\"320\" \/>In meiner T\u00e4tigkeit als Redner und Moderator ist mir ein gro\u00dfes Anliegen, den passenden Ton zu treffen und mit Pers\u00f6nlichkeit und Herz aufzutreten. Meine authentische und dem Anlass entsprechende Ansprache machen aus einer Veranstaltung ein Erlebnis.<\/p>\n<p>Gerne begleite ich Ihre Anl\u00e4sse und Veranstaltungen:<\/p>\n<p>&#8211; Hochzeiten, Freie Trauungen und Feierlichkeiten<\/p>\n<p>&#8211; Trauerfeier<\/p>\n<p>&#8211; Firmenevents, Jubil\u00e4en und Preisverleihungen<\/p>\n<p>&nbsp;<\/p>\n<p>Individuelle Konzeption auf Anfrage.<\/p>\n<p>&nbsp;<\/p>\n<p>&nbsp;<\/p>\n","protected":false},"excerpt":{"rendered":"<p>Reden und Moderationen, die Menschen ber\u00fchren. &nbsp; In meiner T\u00e4tigkeit als Redner und Moderator ist mir ein gro\u00dfes Anliegen, den passenden Ton zu treffen und mit Pers\u00f6nlichkeit und Herz aufzutreten. Meine authentische und dem Anlass entsprechende Ansprache machen aus einer Veranstaltung ein Erlebnis. Gerne begleite ich Ihre Anl\u00e4sse und Veranstaltungen: &#8211; Hochzeiten, Freie Trauungen und [&hellip;]<\/p>\n","protected":false},"author":1,"featured_media":0,"parent":0,"menu_order":2,"comment_status":"closed","ping_status":"closed","template":"","meta":{"footnotes":""},"_links":{"self":[{"href":"https:\/\/adrianowerner.de\/index.php\/wp-json\/wp\/v2\/pages\/12"}],"collection":[{"href":"https:\/\/adrianowerner.de\/index.php\/wp-json\/wp\/v2\/pages"}],"about":[{"href":"https:\/\/adrianowerner.de\/index.php\/wp-json\/wp\/v2\/types\/page"}],"author":[{"embeddable":true,"href":"https:\/\/adrianowerner.de\/index.php\/wp-json\/wp\/v2\/users\/1"}],"replies":[{"embeddable":true,"href":"https:\/\/adrianowerner.de\/index.php\/wp-json\/wp\/v2\/comments?post=12"}],"version-history":[{"count":48,"href":"https:\/\/adrianowerner.de\/index.php\/wp-json\/wp\/v2\/pages\/12\/revisions"}],"predecessor-version":[{"id":694,"href":"https:\/\/adrianowerner.de\/index.php\/wp-json\/wp\/v2\/pages\/12\/revisions\/694"}],"wp:attachment":[{"href":"https:\/\/adrianowerner.de\/index.php\/wp-json\/wp\/v2\/media?parent=12"}],"curies":[{"name":"wp","href":"https:\/\/api.w.org\/{rel}","templated":true}]}}